{"id":571,"date":"2022-04-28T15:45:12","date_gmt":"2022-04-28T13:45:12","guid":{"rendered":"https:\/\/www.prolocoiutizzo.it\/?page_id=571"},"modified":"2023-04-17T14:28:22","modified_gmt":"2023-04-17T12:28:22","slug":"serata-giovani","status":"publish","type":"page","link":"https:\/\/www.prolocoiutizzo.it\/?page_id=571","title":{"rendered":"REGOLAMENTO MANIFESTAZIONE"},"content":{"rendered":"\n<p><\/p>\n\n\n\n<p>La manifestazione, denominata &#8220;FRIULI GRAVELDOC, e\u2019 una passeggiata ecologica in bicicletta lungo le strade che portano \u201cdalle terre di mezzo\u201d alla \u201cbassa collinare\u201d. Il percorso si snoda su strade secondarie a bassa densit\u00e0 di traffico e strade bianche.<\/p>\n\n\n\n<p><\/p>\n\n\n\n<ol><li>La partecipazione alla corsa \u00e8 aperta a tutti coloro che possiedono una bicicletta ( tipo Gravel, MTB e\/o E.BIKE ) in buono stato di manutenzione.<\/li><li>I partecipanti minorenni devono essere accompagnati da un adulto responsabile durante l&#8217;intera durata della corsa.<\/li><li>\u00c8 obbligatorio che i genitori o i tutori legali dei partecipanti minorenni firmino un modulo di autorizzazione alla partecipazione alla corsa.<\/li><li>I partecipanti minorenni devono indossare un casco protettivo e altri dispositivi di protezione adeguati in base all&#8217;et\u00e0 e alle capacit\u00e0 del bambino, come ginocchiere e gomitiere.<\/li><li>\u00c8 consigliabile che i genitori o i tutori legali dei partecipanti minorenni valutino il percorso della corsa in anticipo e verifichino se \u00e8 adatto alla capacit\u00e0 e all&#8217;et\u00e0 del minore.<\/li><li>Durante la corsa, gli adulti accompagnatori devono assicurarsi che i partecipanti minorenni seguano le norme del codice della strada e le indicazioni degli organizzatori della corsa.<\/li><li>In caso di emergenza, gli adulti accompagnatori devono prendersi cura dei partecipanti minorenni e comunicare immediatamente l&#8217;incidente agli organizzatori della corsa.<\/li><li>\u00c8 obbligatorio indossare un casco protettivo durante l&#8217;intera durata della corsa.<\/li><li>I partecipanti devono rispettare tutte le norme del codice della strada e seguire le indicazioni riportare sulle tracce gpx.<\/li><li>\u00c8 obbligatorio mantenere la propria bicicletta sotto controllo e assicurarsi che sia in grado di fermarsi completamente in caso di emergenza.<\/li><li>I partecipanti devono essere responsabili del proprio benessere fisico e psicologico durante la corsa.<\/li><li>Non \u00e8 consentito gettare rifiuti lungo il percorso della corsa. I partecipanti sono tenuti a conservare i propri rifiuti fino alla fine della corsa o a gettarli nei contenitori appositi lungo il percorso.<\/li><li>I partecipanti devono rispettare gli altri partecipanti alla corsa e mantenere un comportamento rispettoso durante l&#8217;intera durata della corsa.<\/li><li>I partecipanti riconoscono che la corsa si svolge a proprio rischio e pericolo e che gli organizzatori non sono responsabili di eventuali danni o lesioni subite durante la corsa.<\/li><li>I partecipanti accettano di firmare un modulo di liberatoria prima di prendere parte alla corsa.<\/li><li>Gli organizzatori si riservano il diritto di modificare le regole della corsa in qualsiasi momento, comunicandole ai partecipanti prima dell&#8217;inizio della corsa.<\/li><\/ol>\n\n\n\n<p><strong>PERCORSO LUNGO<\/strong><\/p>\n\n\n\n<p>Il percorso si sviluppa lungo la pianura denominata le terre di mezzo per poi estendersi verso la bassa collinare offrendo una vista mozzafiato sulla natura circostante. Il percorso non presenta salite impegnative e nemmeno discese impegnative. \u00c8 adatto a ciclisti con medio livello di preparazione , ma anche a quelli che vogliono sfidarsi un po&#8217; di pi\u00f9. vista la brevit\u00e0 del percorso lungo il percorso non saranno predisposti punti di sosta.<\/p>\n\n\n\n<p>il percorso, di tipo ad anello chiuso con partenza da Iutizzo di Codroipo, avr\u00e0 una lunghezza di circa 83 km e si svilupper\u00e0 su strade asfaltate secondarie, strade sterrate, piste ciclabili e alcuni passaggi singletrak.<\/p>\n\n\n\n<p>La partenza, di tipo alla francese, avverr\u00e0 dalle ore 8.00 previa iscrizione. Al momento dell&#8217; iscrizione, ciascun partecipante ricever\u00e0 una <strong>traccia GPS  <\/strong>del percorso (gi\u00e0 da subito scaricabile anche dalla pagina di riferimento del nostro sito)<strong> <\/strong>, un gadget ed il buono pasto del GRAVELLATORE.<\/p>\n\n\n\n<p>La quota di partecipazione alla manifestazione \u00e8 di \u20ac 15,00 . <\/p>\n\n\n\n<p> <strong>PERCORSO CORTO<\/strong><\/p>\n\n\n\n<p>Il percorso, totalmente pianeggiante si sviluppa nella sua totale integrit\u00e0 nella zona denominata &#8220;Le terre di mezzo&#8221; avendo la possibilit\u00e0 di scoprire luoghi incantevoli del nostro territorio; il percorso si svilupper\u00e0 su un di circa 30 km su strade sterrate di vario genere. Avrete modo di ammirare la bellezza dei fiumi che caratterizzano le nostre zone quali il fiume Varmo, il Torrente Belgrado il fiume Tagliamento oltre ad ammirare i borghi rurali caratteristici delle terre di mezzo (immagini e descrizioni piu&#8217; accurate  sono riportate sul link del percorso). <\/p>\n\n\n\n<p> Al momento dell&#8217; iscrizione, ciascun partecipante ricever\u00e0 una <strong>traccia GPS  <\/strong>del percorso (gi\u00e0 da subito scaricabile anche dalla pagina di riferimento del nostro sito)<strong> <\/strong>, <strong>mentre per i meno tecnologici, la Proloco S. Marco di Jutizzo avvalendosi della collaborazione della ASD Libertas Gradisca e della Bastioni Bike di Palmanova vi offrir\u00e0 la possibilit\u00e0 di essere guidati lungo tutto il percorso da un gruppo di ciclisti con una partenza organizzata che avr\u00e0 il suo via alle ore 9.30.<\/strong> come per i partecipanti al &#8220;percorso lungo&#8221; ogni partecipate ricever\u00e0 un gadget ed il buono pasto del GRAVELLATORE.<\/p>\n\n\n\n<p>La quota di partecipazione alla manifestazione \u00e8 fissata di \u20ac 15,00 e comprende quanto sopra indicato . <\/p>\n\n\n\n<p><\/p>\n\n\n\n<p><\/p>\n\n\n\n<p>Si prega di notare che l&#8217;organizzazione non si assume alcuna responsabilit\u00e0 per eventuali incidenti a cose o persone, che potrebbero verificarsi prima, durante o dopo la manifestazione.<\/p>\n\n\n\n<p>Si richiede a tutti i partecipanti di rispettare rigorosamente il codice della strada.<\/p>\n\n\n\n<p>Tutte le informazioni utili i percorsi le potrete trovare su https:\/\/www.prolocoiutizzo.it\/<\/p>\n","protected":false},"excerpt":{"rendered":"<p>La manifestazione, denominata &#8220;FRIULI GRAVELDOC, e\u2019 una passeggiata ecologica in bicicletta lungo le strade che portano \u201cdalle terre di mezzo\u201d alla \u201cbassa collinare\u201d. Il percorso si snoda su strade secondarie a bassa densit\u00e0 di traffico e strade bianche. La partecipazione alla corsa \u00e8 aperta a tutti coloro che possiedono una<a href=\"https:\/\/www.prolocoiutizzo.it\/?page_id=571\" class=\"read-more\">Read the rest of this page &raquo;<\/a><\/p>\n","protected":false},"author":4,"featured_media":0,"parent":0,"menu_order":0,"comment_status":"closed","ping_status":"closed","template":"","meta":{"_monsterinsights_skip_tracking":false,"_monsterinsights_sitenote_active":false,"_monsterinsights_sitenote_note":"","_monsterinsights_sitenote_category":0,"footnotes":""},"_links":{"self":[{"href":"https:\/\/www.prolocoiutizzo.it\/index.php?rest_route=\/wp\/v2\/pages\/571"}],"collection":[{"href":"https:\/\/www.prolocoiutizzo.it\/index.php?rest_route=\/wp\/v2\/pages"}],"about":[{"href":"https:\/\/www.prolocoiutizzo.it\/index.php?rest_route=\/wp\/v2\/types\/page"}],"author":[{"embeddable":true,"href":"https:\/\/www.prolocoiutizzo.it\/index.php?rest_route=\/wp\/v2\/users\/4"}],"replies":[{"embeddable":true,"href":"https:\/\/www.prolocoiutizzo.it\/index.php?rest_route=%2Fwp%2Fv2%2Fcomments&post=571"}],"version-history":[{"count":3,"href":"https:\/\/www.prolocoiutizzo.it\/index.php?rest_route=\/wp\/v2\/pages\/571\/revisions"}],"predecessor-version":[{"id":679,"href":"https:\/\/www.prolocoiutizzo.it\/index.php?rest_route=\/wp\/v2\/pages\/571\/revisions\/679"}],"wp:attachment":[{"href":"https:\/\/www.prolocoiutizzo.it\/index.php?rest_route=%2Fwp%2Fv2%2Fmedia&parent=571"}],"curies":[{"name":"wp","href":"https:\/\/api.w.org\/{rel}","templated":true}]}}