{"id":92,"date":"2014-12-05T19:13:05","date_gmt":"2014-12-05T18:13:05","guid":{"rendered":"http:\/\/www.prolocoiutizzo.it\/?page_id=92"},"modified":"2014-12-05T19:42:46","modified_gmt":"2014-12-05T18:42:46","slug":"statuto","status":"publish","type":"page","link":"https:\/\/www.prolocoiutizzo.it\/?page_id=92","title":{"rendered":"Statuto"},"content":{"rendered":"<p><b>ART. 1<\/b><\/p>\n<p><b>DENOMINAZIONE \u2013 SEDE<\/b><\/p>\n<p>1.1 E&#8217; costituita in forma pubblica l\u2019Associazione denominata:<\/p>\n<p>\u201c<b>PRO LOCO SAN MARCO DI JUTIZZO\u201d<\/b><\/p>\n<p>1.2 L&#8217;Associazione ha sede legale in:<\/p>\n<p><b>JUTIZZO DI CODROIPO VIA E. di COLLOREDO N.11<\/b><\/p>\n<p>1.3 L&#8217;eventuale trasferimento della sede non costituisce modifica statutaria.<\/p>\n<p><b>ART. 2<\/b><\/p>\n<p><b>COSTITUZIONE &#8211; AMBITO TERRITORIALE \u2013 FORME DI ATTIVITA&#8217;<\/b><\/p>\n<p>2.1 La Pro Loco riunisce in associazione tutte le persone fisiche (Soci) che intendono operare attivamente al fine dello svolgimento coordinato delle attivit\u00e0 di promozione e tutela del territorio della comunit\u00e0 di appartenenza mediante la valorizzazione delle peculiarit\u00e0 storiche, artistiche, culturali, naturalistiche, sociali e turistiche del Comune di CODROIPO favorendo il miglioramento della vita dei suoi residenti.<\/p>\n<p>2.2 La Pro Loco, soggetto di diritto privato costituito su base volontaria, non ha finalit\u00e0 di lucro, i suoi Soci operano a favore della medesima in forma volontaria secondo un ordinamento interno ispirato a principi di democraticit\u00e0 e gratuit\u00e0 delle cariche e della trasparenza dei bilanci. Possono essere iscritti come Soci tutti i residenti nella localit\u00e0 ed altres\u00ec coloro che per motivazioni varie sono interessati all\u2019attivit\u00e0 della Pro Loco. La Pro Loco \u00e8 apolitica e apartitica.<\/p>\n<p>2.3 La Pro Loco condivide le finalit\u00e0 a cui si ispira l\u2019U.N.P.L.I. (Unione Nazionale Pro Loco d\u2019Italia) ed in particolare il Comitato Regionale del Friuli Venezia Giulia dell\u2019Unione Nazionale delle Pro Loco d\u2019Italia.<\/p>\n<p>2.4 La Pro Loco aderisce all\u2019U.N.P.L.I. (Unione Nazionale Pro Loco d\u2019Italia), al Comitato Regionale del Friuli Venezia Giulia dell\u2019Unione Nazionale delle Pro Loco d\u2019Italia e al Consorzio competente per territorio, nel rispetto dello Statuto e delle normative U.N.P.L.I. e per quanto da esse non espressamente stabilito, nel rispetto delle norme del codice civile.<\/p>\n<p><b>ART. 3<\/b><\/p>\n<p><b>OGGETTO SOCIALE<\/b><\/p>\n<p>3.1 Le finalit\u00e0 che la Pro Loco ha come oggetto sociale sono:<\/p>\n<p>a) svolgere fattiva opera per organizzare turisticamente la localit\u00e0, proponendo alle Amministrazioni competenti tutte quelle iniziative atte a tutelare e valorizzare le bellezze naturali nonch\u00e9 il patrimonio storico-artistico-monumentale ed ambientale;<br \/>\nb) promuovere e organizzare, anche in collaborazione con enti pubblici e\/o privati, iniziative (convegni, escursioni, spettacoli pubblici, mostre, festeggiamenti, manifestazioni sportive, fiere enogastronomiche e\/o di altro genere, nonch\u00e9 iniziative di solidariet\u00e0 sociale, recupero ambientale, restauro e gestione di monumenti, ecc.) che servano ad attirare e rendere pi\u00f9 gradito il soggiorno dei turisti e la migliore qualit\u00e0 della vita dei residenti;<br \/>\nc) sviluppare il senso dell\u2019accoglienza nei confronti degli ospiti e la conoscenza globale del territorio di competenza;<br \/>\nd) curare la tutela, l&#8217;informazione e l&#8217;accoglienza dei turisti, anche con l&#8217;apertura di appositi uffici;<br \/>\ne) promuovere e sviluppare attivit\u00e0 nel settore sociale e del volontariato a favore della popolazione della localit\u00e0 (proposte turistiche specifiche per la terza et\u00e0, progettazione e realizzazione di spazi sociali destinati all&#8217;educazione, alla formazione e allo svago dei minori, iniziative di coinvolgimento delle varie componenti della comunit\u00e0 locale finalizzate anche all&#8217;eliminazione di eventuali sacche di emarginazione, organizzazione di itinerari turistico-didattici per gruppi scolastici, scambi da e per l&#8217;estero per favorire la conoscenza del territorio, la cultura del medesimo anche ricollegando i valori del territorio e della cultura locali con quelli degli emigrati residenti all&#8217;estero, progetti per la tutela delle minoranze linguistiche e delle lingue minoritarie);<br \/>\nf) aprire e gestire circoli per i Soci;<\/p>\n<p>g) stipulare convenzioni con Enti pubblici e privati per il raggiungimento dei fini sociali sopra riportati e nel senso pi\u00f9 ampio.<\/p>\n<p><b>ART.4<\/b><\/p>\n<p><b>SOCI<\/b><\/p>\n<p>4.1 I Soci della Pro Loco si distinguono in:<br \/>\na) Soci Ordinari;<br \/>\nb) Soci Sostenitori;<br \/>\nc) Soci Onorari.<\/p>\n<p>4.2 Sono Soci Ordinari coloro che versano la quota di iscrizione annualmente stabilita dal Consiglio. Possono essere iscritti come Soci tutti i residenti nella localit\u00e0 ed altres\u00ec coloro che per motivazioni varie sono interessati all&#8217;attivit\u00e0 della Pro Loco.<\/p>\n<p>4.3 Sono Soci Sostenitori coloro che, oltre alla quota ordinaria, erogano contribuzioni volontarie straordinarie.<\/p>\n<p>4.4 Sono Soci Onorari i Soci che vengono denominati tali dall&#8217;Assemblea, su proposta del Consiglio, per particolari meriti acquisiti nella vita della Pro Loco.<\/p>\n<p>4.5 E\u2019 espressamente esclusa la temporaneit\u00e0 della partecipazione alla vita associativa, fermo restando il diritto di recesso.<\/p>\n<p><b>ART. 5<\/b><\/p>\n<p><b>DIRITTI <\/b><b>ED OBBLIGHI DEI<\/b><b> SOCI<\/b><\/p>\n<p>5.1 I Soci Ordinari e Sostenitori devono versare la quota associativa annuale; i Soci Onorari sono esentati dal pagamento della quota annuale.<\/p>\n<p>5.2 Tutti i Soci, purch\u00e9 maggiorenni al momento dell&#8217;assemblea ed in regola con il versamento della quota associativa, hanno diritto:<br \/>\na) di voto per eleggere gli organi direttivi della Pro Loco;<br \/>\nb) di essere eletti alle cariche direttive della Pro Loco;<br \/>\nc) di voto per l&#8217;approvazione e le modificazioni dello Statuto e dei regolamenti della Pro Loco;<br \/>\nd) a ricevere la Tessera di Socio UNPLI della Pro Loco;<br \/>\ne) a ricevere le eventuali pubblicazioni della Pro Loco;<br \/>\nf) a frequentare i locali della Pro Loco;<br \/>\ng) di fruire dei servizi della Pro Loco e di partecipare a tutte le sue attivit\u00e0.<\/p>\n<p>5.3 I Soci hanno l&#8217;obbligo di:<br \/>\na) rispettare lo Statuto ed i regolamenti della Pro Loco;<br \/>\nb) versare nei termini la quota associativa alla Pro Loco;<br \/>\nc) non operare in concorrenza con l&#8217;attivit\u00e0 della Pro Loco.<\/p>\n<p><b>ART. 6<\/b><\/p>\n<p><b>AMMISSIONE E PERDITA DELLA QUALIFICA DI SOCIO<\/b><\/p>\n<p>6.1 L&#8217;ammissione di un nuovo Socio viene decisa dal Consiglio Direttivo della Pro Loco a seguito di specifica richiesta dell\u2019interessato e del successivo versamento della quota associativa annuale.<\/p>\n<p>6.2 La quota associativa \u00e8 intrasmissibile per atto fra vivi e non rivalutabile. I Soci che abbiano cessato, per qualsiasi motivo la propria appartenenza alla Pro Loco \u201cSAN MARCO di JUTIZZO\u201d non possono chiedere la restituzione delle quote associative e di eventuali contributi versati, n\u00e9 possono vantare alcun diritto sul patrimonio dell\u2019Associazione.<\/p>\n<p>6.3 L&#8217;esclusione di un Socio viene decisa dal Consiglio Direttivo della Pro Loco per dimissioni o per morosit\u00e0 o per indegnit\u00e0 o qualora intervengano gravi motivi relativamente a comportamenti del Socio che violano lo Statuto ed i Regolamenti della Pro Loco.<\/p>\n<p>6.4 Il Consiglio Direttivo, qualora intervengano gravi motivi, potr\u00e0 radiare il Socio.<\/p>\n<p><b>ART. 7<\/b><\/p>\n<p><b>ORGANI<\/b><\/p>\n<p>Sono organi della Pro Loco:<\/p>\n<p>l&#8217;Assemblea dei Soci;<\/p>\n<p>il Consiglio Direttivo;<\/p>\n<p>il Presidente;<\/p>\n<p>il Collegio dei Revisori dei Conti;<\/p>\n<p><b>ART. 8<\/b><\/p>\n<p><b>L&#8217;ASSEMBLEA DEI SOCI<\/b><\/p>\n<p>L\u2019Assemblea dei Soci \u00e8 costituita da tutti i Soci iscritti nel Libro Soci entro 30 giorni dalla data di convocazione dell\u2019Assemblea stessa e deve essere convocata almeno una volta l\u2019anno.<\/p>\n<p>8.1 L&#8217;Assemblea rappresenta l&#8217;universalit\u00e0 dei Soci e le sue decisioni, prese in conformit\u00e0 alla legge ed al presente Statuto, obbligano i Soci medesimi.<\/p>\n<p>Ogni Socio esprime un voto indipendentemente dall&#8217;ammontare della quota associativa versata.<\/p>\n<p>8.2 L&#8217;Assemblea ha il compito di dare le direttive per la realizzazione delle finalit\u00e0 sociali.<\/p>\n<p>8.3 All&#8217;Assemblea prendono parte tutti i Soci; quelli ordinari e sostenitori debbono essere in regola con il versamento della quota sociale dell&#8217;anno in cui si svolge l&#8217;Assemblea. I Soci possono farsi rappresentare con delega scritta conferita ad altro Socio (consigliabile una sola delega).<\/p>\n<p>8.4 L&#8217;Assemblea \u00e8 ordinaria e straordinaria. Le Assemblee, sia ordinaria sia straordinaria, sono presiedute da un Presidente, nominato dall\u2019Assemblea tra i suoi Soci, assistito da un Segretario. La funzione di Segretario dell\u2019Assemblea pu\u00f2 essere svolta dal Segretario della Pro Loco. L&#8217;Assemblea, sia ordinaria che straordinaria, viene indetta dal Presidente della Pro Loco, previa deliberazione del Consiglio che ne stabilisce la data e l&#8217;ordine del giorno, con avviso portato a conoscenza dei Soci, almeno dieci giorni prima della data fissata mediante consegna dell&#8217;avviso a mano o a mezzo posta ordinaria e\/o elettronica e\/o per pubblica affissione.<br \/>\nL&#8217;Assemblea, ordinaria e straordinaria, \u00e8 valida in prima convocazione, con la partecipazione di almeno la met\u00e0 pi\u00f9 uno<b> <\/b>dei Soci e delibera con voto favorevole della met\u00e0 pi\u00f9 uno dei voti espressi; in seconda convocazione, da indirsi almeno un\u2019ora dopo, l&#8217;Assemblea \u00e8 valida qualunque sia il numero dei partecipanti e delibera con voto favorevole della met\u00e0 pi\u00f9 uno dei voti espressi.<\/p>\n<p>8.5 L&#8217;Assemblea ordinaria \u00e8 convocata almeno una volta all&#8217;anno per le decisioni di sua competenza; delibera sul conto consuntivo dell&#8217;anno precedente, sulla formazione del bilancio preventivo, sul programma di attivit\u00e0 e sulle proposte del Consiglio Direttivo o dei Soci.<\/p>\n<p>8.6 L&#8217;Assemblea per l&#8217;approvazione dei bilanci deve essere convocata entro il mese di <b>APRILE<\/b> di ogni anno.<\/p>\n<p>8.7 L&#8217;Assemblea straordinaria \u00e8 convocata:<br \/>\na) dal Presidente quando ne ravvisi la necessit\u00e0;<br \/>\nb) dietro richiesta scritta della maggioranza dei componenti del Consiglio;<br \/>\nc) a seguito di richiesta sottoscritta da almeno un terzo dei Soci;<br \/>\nd) per le modifiche del presente Statuto;<br \/>\ne) per lo scioglimento della Pro Loco delibera con la presenza dei 2\/3 dei Soci e con il voto favorevole della maggioranza degli stessi.<\/p>\n<p>8.8 La spedizione degli avvisi di convocazione delle Assemblee (sia ordinarie sia straordinarie) pu\u00f2 essere anche accompagnata mediante l&#8217;affissione degli stessi, con modalit\u00e0 idonee a portarli a conoscenza dei Soci.<\/p>\n<p>8.9 Le modifiche statutarie sono adottate dall&#8217;Assemblea straordinaria con la presenza dei 2\/3 (due terzi) dei Soci e con il voto favorevole della maggioranza degli stessi.<\/p>\n<p>8.10 Delle riunioni assembleari e relative deliberazioni dovr\u00e0 essere redatto apposito verbale firmato dal Presidente dell\u2019Assemblea e dal Segretario, consultabile da tutti i Soci presso la sede sociale.<\/p>\n<p><b>ART. 9<\/b><\/p>\n<p><b>IL CONSIGLIO DIRETTIVO<\/b><\/p>\n<p>9.1 L\u2019Assemblea, dopo aver fissato il numero, elegge tra i Soci i componenti del Consiglio Direttivo in numero dispari, <b>non meno di <\/b><b>5 e col massimo di 13<\/b>.<\/p>\n<p>Possono partecipare alle sedute del Consiglio Direttivo, senza diritto di voto, un rappresentante del Comune e un numero di rappresentanti, determinato dall\u2019Assemblea, di organizzazioni ed associazioni locali che svolgano attivit\u00e0 o realizzino iniziative che interessino la localit\u00e0.<\/p>\n<p>Alla convocazione del neo eletto Consiglio Direttivo provvede il consigliere anziano, vale a dire colui che ha ricevuto il maggior numero di preferenze, che \u00e8 chiamato a presiederne la prima riunione.<\/p>\n<p>9.2 I componenti del Consiglio Direttivo restano in carica <b>4 (quattro) anni<\/b> e sono rieleggibili.<\/p>\n<p>9.3 Il Consiglio Direttivo si riunisce almeno quattro volte all&#8217;anno ed ogni qual volta lo ritenga opportuno il Presidente od a seguito di richiesta scritta di almeno due terzi dei componenti con diritto di voto.<\/p>\n<p>9.4 I Consiglieri che risultano assenti per tre sedute consecutive senza giustificazione motivata, possono essere dichiarati decaduti con deliberazione del Consiglio Direttivo il quale provvede alla surrogazione dei medesimi come previsto nel successivo comma.<\/p>\n<p>9.5 In caso di vacanza per qualsiasi motivo si proceder\u00e0 come segue:<br \/>\ni Consiglieri mancanti saranno sostituiti con i Soci che, secondo i risultati delle elezioni, seguono immediatamente i membri eletti; se non vi fossero pi\u00f9 Soci da utilizzare per la surroga potr\u00e0 essere indetta una nuova Assemblea elettiva per l&#8217;integrazione del Consiglio Direttivo, qualora ne sia compromessa la sua funzionalit\u00e0. Solamente nel caso che la vacanza dei Soci nel Consiglio Direttivo sia contemporanea e riguardi la met\u00e0 pi\u00f9 uno dei Soci, l&#8217;intero Consiglio Direttivo sar\u00e0 considerato decaduto ed il Presidente dovr\u00e0, entro un mese dal verificarsi della vacanza, indire l&#8217;Assemblea elettiva per l&#8217;elezione di un nuovo Consiglio Direttivo.<\/p>\n<p>9.6 Il Consiglio Direttivo decade se l&#8217;Assemblea dei Soci non approva il rendiconto consuntivo economico e finanziario: in questo caso il Presidente dovr\u00e0, entro un mese dal verificarsi dell&#8217;Assemblea in cui non \u00e8 stato approvato il rendiconto, indire l&#8217;Assemblea elettiva per l&#8217;elezione di un nuovo Consiglio Direttivo.<\/p>\n<p>9.7 Per la validit\u00e0 delle deliberazioni occorre la presenza effettiva della met\u00e0 pi\u00f9 uno dei membri del Consiglio Direttivo ed il voto favorevole della maggioranza dei presenti; in caso di parit\u00e0 \u00e8 determinante il voto del Presidente.<\/p>\n<p>9.8 Il Consiglio Direttivo \u00e8 investito dei poteri per la gestione ordinaria della Pro Loco ed in particolare gli sono riconosciute tutte le facolt\u00e0 per il raggiungimento delle finalit\u00e0 sociali che non siano dalla legge o dal presente Statuto riservate, in modo tassativo, all&#8217;Assemblea. Spetta inoltre al Consiglio Direttivo la gestione del patrimonio sociale, la formazione di un conto di previsione col relativo programma d&#8217;attuazione, la stesura del rendiconto economico e finanziario consuntivo e la relazione sull&#8217;attivit\u00e0 svolta.<\/p>\n<p>Il Consiglio Direttivo pu\u00f2 deliberare un regolamento interno atto a regolamentare il funzionamento e la gestione dell\u2019Associazione stessa e delle sue attivit\u00e0.<\/p>\n<p>9.9 Alla riunione del Consiglio Direttivo possono partecipare su invito del Presidente soggetti esterni che abbiano rilevanza per particolari aspetti di interesse della Pro Loco.<\/p>\n<p>9.10 Delle riunioni consiliari dovr\u00e0 essere redatto apposito verbale firmato dal Presidente e dal Verbalizzante ed approvato di volta in volta dal Consiglio stesso, consultabile da tutti i Soci presso la sede sociale.<\/p>\n<p>9.11 Il Consiglio pu\u00f2 nominare tra i suoi membri il tesoriere. Compito del tesoriere \u00e8 seguire i movimenti contabili della Pro Loco e le relative registrazioni.<\/p>\n<p><b>ART. 10<\/b><\/p>\n<p><b>IL PRESIDENTE ED IL VICE PRESIDENTE<\/b><\/p>\n<p>10.1 Il Presidente della Pro Loco \u00e8 eletto dal Consiglio Direttivo nella sua prima riunione con la presenza della maggioranza dei Consiglieri e a maggioranza dei voti espressi.<\/p>\n<p>10.2 Il Vice Presidente \u00e8 nominato dal Consiglio Direttivo al suo interno con le modalit\u00e0 di cui al punto 10.1.<\/p>\n<p>10.3 Il Presidente dura in carica per lo stesso periodo di vigenza del Consiglio Direttivo. Pu\u00f2 essere riconfermato. La carica \u00e8 gratuita.<\/p>\n<p>10.4 In caso di assenza o di impedimento temporaneo sar\u00e0 sostituito dal Vice Presidente.<\/p>\n<p>10.5 In caso di impedimento definitivo o dimissioni verr\u00e0 dichiarato decaduto dal Consiglio Direttivo che provveder\u00e0 all&#8217;elezione di un nuovo Presidente.<\/p>\n<p>10.6 Il Presidente \u00e8 il rappresentante legale della Pro Loco, ha la responsabilit\u00e0 della sua Amministrazione, la rappresenta di fronte ai terzi ed in giudizio, convoca e presiede il Consiglio Direttivo, convoca l&#8217;Assemblea dei Soci, \u00e8 responsabile della conservazione della documentazione contabile della Pro Loco.<\/p>\n<p><b>ART. 11<\/b><\/p>\n<p><b>IL COLLEGIO DEI REVISORI DEI CONTI<\/b><\/p>\n<p>11.1 Il Collegio dei Revisori dei conti \u00e8 composto da tre membri eletti dall&#8217;Assemblea dei Soci anche tra non Soci. Il Collegio nomina tra i suoi membri il Presidente. Il Presidente del Collegio dei Revisori viene invitato a partecipare, con voto consultivo, alle sedute del Consiglio Direttivo.<\/p>\n<p>11.2 Il Collegio dei Revisori dei conti ha il compito di esaminare periodicamente ed occasionalmente in qualsiasi momento la contabilit\u00e0 sociale.<\/p>\n<p>11.3 I Revisori dei conti durano in carica <b>4 (quattro) anni<\/b> ma decadono in caso di decadenza del Consiglio Direttivo; essi sono rieleggibili.<\/p>\n<p><b>ART. 12<\/b><\/p>\n<p><b>RISORSE ECONOMICHE E FINANZIARIE<\/b><\/p>\n<p>14.1 Le risorse economiche con le quali la Pro Loco provvede al funzionamento ed allo svolgimento della propria attivit\u00e0 sono:<br \/>\n1) quote e contributi dei Soci;<br \/>\n2) eredit\u00e0, donazioni e legati;<br \/>\n3) contributi dell&#8217; Unione Europea e di organismi internazionali;<br \/>\n4) contributi dello Stato, delle regioni, di enti locali, di enti o di istituzioni pubblici e privati, anche finalizzati al sostegno di specifici programmi realizzati nell&#8217;ambito dei fini statutari;<br \/>\n5) entrate derivanti da prestazioni di servizi convenzionati;<br \/>\n6) proventi dalle cessioni di beni e servizi a terzi, anche attraverso lo svolgimento di attivit\u00e0 economiche di natura commerciale, artigianale o agricola, svolte in maniera marginale e sussidiaria e comunque finalizzate al raggiungimento degli obiettivi istituzionali;<br \/>\n7) altre entrate compatibili con le finalit\u00e0 sociali dell&#8217;associazionismo di promozione sociale.<\/p>\n<p>14.2 Tutte le entrate ed i proventi dell&#8217;attivit\u00e0 della Pro Loco sono utilizzati e spesi per il raggiungimento delle finalit\u00e0 della Pro Loco ed eventuali utili o avanzi di gestione nonch\u00e9 fondi, riserve o capitale durante la vita della Pro Loco non possono essere divisi e\/o distribuiti, neppure in modo indiretto, ai Soci.<\/p>\n<p>14.3 Gli eventuali utili o avanzi di gestione della Pro Loco devono essere reinvestiti a favore delle attivit\u00e0 istituzionali previste dal presente Statuto.<\/p>\n<p>14.4 Il patrimonio dell\u2019Associazione \u00e8 costituito da beni mobili ed immobili ricompresi nell\u2019inventario redatto annualmente a cura del Consiglio Direttivo e verificato dal Collegio dei Revisori dei Conti.<\/p>\n<p><b>ART. 13<\/b><\/p>\n<p><b>PRESTAZIONI DEI SOCI<\/b><\/p>\n<p>15.1 La Pro Loco si avvale prevalentemente delle attivit\u00e0 prestate in forma volontaria, libera e gratuita dei propri Soci per il perseguimento dei fini istituzionali.<\/p>\n<p>15.2 La Pro Loco pu\u00f2, in caso di particolare necessit\u00e0, assumere lavoratori dipendenti o avvalersi di prestazioni di lavoro autonomo, anche ricorrendo a propri Soci.<\/p>\n<p>15.3 Tutte le cariche della Pro Loco sono gratuite.<\/p>\n<p>15.4 Il Consiglio Direttivo delibera e decide in merito a quanto previsto dal presente articolo e pu\u00f2 prevedere dei rimborsi delle spese documentate, sostenute dai Soci o da persone che hanno operato per la Pro Loco nell&#8217;ambito delle attivit\u00e0 istituzionali.<\/p>\n<p><b>ART. 16<\/b><\/p>\n<p><b>RENDICONTO CONSUNTIVO ECONOMICO E FINANZIARIO<\/b><\/p>\n<p>16.1 Il Consiglio Direttivo della Pro Loco deve predisporre annualmente un rendiconto consuntivo economico e finanziario che deve essere approvato dall&#8217;Assemblea dei Soci annualmente. L\u2019esercizio sociale decorre dal 1 gennaio al 31 dicembre.<\/p>\n<p>16.2 Tale rendiconto deve essere redatto seguendo i criteri di cassa o di competenza come previsto dalla Legislazione vigente in materia.<\/p>\n<p>16.3 Il rendiconto approvato dall&#8217;Assemblea sar\u00e0 disponibile per la visione presso la sede della Pro Loco.<\/p>\n<p><b>ART. 17<\/b><\/p>\n<p><b>PARTECIPAZIONE A CONSORZI, ENTI, COMITATI OD ASSOCIAZIONI<\/b><\/p>\n<p>17.1 L\u2019Associazione aderisce al Consorzio competente per territorio con lo scopo di favorire la collaborazione con le Pro Loco della zona, promuovere iniziative comuni e coordinare e propagandare le attivit\u00e0.<\/p>\n<p>17.2 L\u2019Associazione, al fine di assicurare il pi\u00f9 completo conseguimento dei propri compiti statutari, pu\u00f2 partecipare o aderire a qualsiasi ente, comitato od associazione.<\/p>\n<p><b>ART. 18<\/b><\/p>\n<p><b>SCIOGLIMENTO<\/b><\/p>\n<p>18.1 L&#8217;eventuale scioglimento della Pro Loco sar\u00e0 deciso dall&#8217;Assemblea Straordinaria appositamente convocata. Sia in prima sia in seconda convocazione dovranno essere presenti almeno i 2\/3 dei Soci e la decisione di scioglimento dovr\u00e0 essere assunta con la maggioranza degli stessi.<\/p>\n<p>18.2 In caso di scioglimento, dopo che si sar\u00e0 provveduto al saldo di tutte le pendenze passive, le somme e i beni eventualmente restanti saranno devoluti, con fini di utilit\u00e0 sociale, al Comune competente per territorio o ad altra associazione.<\/p>\n<p><b>ART. 19<\/b><\/p>\n<p><b>INCOMPATIBILITA\u2019<\/b><\/p>\n<p>Le cariche di Presidente e Vice Presidente della Pro Loco sono incompatibili con incarichi in Pubbliche Amministrazioni (Enti Locali) o in partiti politici.<\/p>\n<p><b>ART. 20<\/b><\/p>\n<p><b>NORME FINALI<\/b><\/p>\n<p>Per tutto ci\u00f2 che non \u00e8 espressamente contemplato dal presente Statuto valgono le norme di legge nonch\u00e9 le norme e regolamenti dell\u2019U.N.P.L.I. e del Comitato Regionale del Friuli Venezia Giulia dell\u2019Unione Nazionale delle Pro Loco d\u2019Italia.<\/p>\n<p>Letto, approvato e sottoscritto.<\/p>\n<p>Jutizzo l\u00ec 29 Luglio 2014<\/p>\n","protected":false},"excerpt":{"rendered":"<p>ART. 1 DENOMINAZIONE \u2013 SEDE 1.1 E&#8217; costituita in forma pubblica l\u2019Associazione denominata: \u201cPRO LOCO SAN MARCO DI JUTIZZO\u201d 1.2 L&#8217;Associazione ha sede legale in: JUTIZZO DI CODROIPO VIA E. di COLLOREDO N.11 1.3 L&#8217;eventuale trasferimento della sede non costituisce modifica statutaria. ART. 2 COSTITUZIONE &#8211; AMBITO TERRITORIALE \u2013 FORME<a href=\"https:\/\/www.prolocoiutizzo.it\/?page_id=92\" class=\"read-more\">Read the rest of this page &raquo;<\/a><\/p>\n","protected":false},"author":1,"featured_media":0,"parent":0,"menu_order":0,"comment_status":"closed","ping_status":"closed","template":"","meta":{"_monsterinsights_skip_tracking":false,"_monsterinsights_sitenote_active":false,"_monsterinsights_sitenote_note":"","_monsterinsights_sitenote_category":0,"footnotes":""},"_links":{"self":[{"href":"https:\/\/www.prolocoiutizzo.it\/index.php?rest_route=\/wp\/v2\/pages\/92"}],"collection":[{"href":"https:\/\/www.prolocoiutizzo.it\/index.php?rest_route=\/wp\/v2\/pages"}],"about":[{"href":"https:\/\/www.prolocoiutizzo.it\/index.php?rest_route=\/wp\/v2\/types\/page"}],"author":[{"embeddable":true,"href":"https:\/\/www.prolocoiutizzo.it\/index.php?rest_route=\/wp\/v2\/users\/1"}],"replies":[{"embeddable":true,"href":"https:\/\/www.prolocoiutizzo.it\/index.php?rest_route=%2Fwp%2Fv2%2Fcomments&post=92"}],"version-history":[{"count":10,"href":"https:\/\/www.prolocoiutizzo.it\/index.php?rest_route=\/wp\/v2\/pages\/92\/revisions"}],"predecessor-version":[{"id":108,"href":"https:\/\/www.prolocoiutizzo.it\/index.php?rest_route=\/wp\/v2\/pages\/92\/revisions\/108"}],"wp:attachment":[{"href":"https:\/\/www.prolocoiutizzo.it\/index.php?rest_route=%2Fwp%2Fv2%2Fmedia&parent=92"}],"curies":[{"name":"wp","href":"https:\/\/api.w.org\/{rel}","templated":true}]}}